{"id":8858,"date":"2025-07-24T03:40:21","date_gmt":"2025-07-24T03:40:21","guid":{"rendered":"http:\/\/localhost\/eversonkarate-v2\/?page_id=8858"},"modified":"2025-12-16T10:33:47","modified_gmt":"2025-12-16T15:33:47","slug":"robbinsville-birthday-parties","status":"publish","type":"page","link":"https:\/\/eversonskarate.com\/es\/robbinsville-birthday-parties\/","title":{"rendered":"Fiestas de cumplea\u00f1os"},"content":{"rendered":"<p>fiestas de cumplea\u00f1os<\/p>\n<h1>\n\t\t\t\u00a1Haz que la pr\u00f3xima fiesta de cumplea\u00f1os de tu hijo sea una fiesta de karate!\t<\/h1>\n\t<p>\u00a1Celebre el cumplea\u00f1os de su hijo con pastel, diversi\u00f3n de karate y actividades mientras usted se relaja y disfruta de la diversi\u00f3n!<\/p>\n\t\t\t<a href=\"https:\/\/www.youtube.com\/watch?v=WY7LpmVzxUE\" target=\"_blank\" rel=\"noopener\">\n\t\t\t\t\t\t\tMira el v\u00eddeo\n\t\t\t<\/a>\n\t\t\t<a href=\"#book-a-birthday-party\" target=\"_self\">\n\t\t\t\t\t\t\tReserva una fecha\n\t\t\t<\/a>\n\t\t\t\t<img decoding=\"async\" src=\"https:\/\/eversonskarate.com\/wp-content\/uploads\/2025\/07\/no-more-stree-icon.png\" alt=\"no more stree icon\" itemprop=\"image\" height=\"176\" width=\"177\" title=\"No m\u00e1s \u00edcono de calle\" onerror=\"this.style.display='none'\" loading=\"lazy\" \/>\n<h3>\n\t\t\t\u00a1BASTA DE ESTR\u00c9S!\t<\/h3>\n\t<p>Nos encargamos de toda la planificaci\u00f3n, log\u00edstica y actividades para que puedas concentrarte en celebrar con tu hijo. \u00a1Rel\u00e1jate y disfruta de la fiesta sin estr\u00e9s!<\/p>\n\t\t\t\t<img decoding=\"async\" src=\"https:\/\/eversonskarate.com\/wp-content\/uploads\/2025\/07\/invitations-icon.png\" alt=\"invitations icon\" itemprop=\"image\" height=\"176\" width=\"177\" title=\"icono de invitaciones\" onerror=\"this.style.display='none'\" loading=\"lazy\" \/>\n<h3>\n\t\t\tINVITACIONES + CONFIRMACI\u00d3N DE ASISTENCIA\t<\/h3>\n\t<p>Te ayudaremos a crear invitaciones personalizadas y a gestionar las confirmaciones de asistencia para que no tengas que hacerlo t\u00fa. \u00a1Ll\u00e1manos cuando quieras para estar al tanto de qui\u00e9n asistir\u00e1!<\/p>\n\t\t\t\t<img decoding=\"async\" src=\"https:\/\/eversonskarate.com\/wp-content\/uploads\/2025\/07\/freebies-icon.png\" alt=\"freebies icon\" itemprop=\"image\" height=\"176\" width=\"177\" title=\"icono de obsequios\" onerror=\"this.style.display='none'\" loading=\"lazy\" \/>\n<h3>\n\t\t\t\u00a1MUCHOS REGALOS!\t<\/h3>\n\t<p>Cada invitado se va a casa con bolsas de regalo, y el cumplea\u00f1ero recibe una camiseta y un pase de karate GRATIS. \u00a1Todos se van con algo especial!<\/p>\n\t\t\t\t<img decoding=\"async\" src=\"https:\/\/eversonskarate.com\/wp-content\/uploads\/2025\/07\/cleanups-icon.png\" alt=\"cleanups icon\" itemprop=\"image\" height=\"176\" width=\"177\" title=\"icono de limpieza\" onerror=\"this.style.display='none'\" loading=\"lazy\" \/>\n<h3>\n\t\t\t\u00a1NOSOTROS TAMBI\u00c9N HACEMOS LA LIMPIEZA!\t<\/h3>\n\t<p>\u00bfLo hiciste todo mal? \u00a1No hay problema! Nuestro equipo se encarga de la limpieza despu\u00e9s de la fiesta, as\u00ed que solo tienes que divertirte y volver a casa con recuerdos inolvidables.<\/p>\n\t\t\t\t<img decoding=\"async\" src=\"https:\/\/eversonskarate.com\/wp-content\/uploads\/2025\/07\/celebration-img.jpg\" alt=\"celebration img\" itemprop=\"image\" height=\"736\" width=\"1280\" title=\"imagen de celebraci\u00f3n\" onerror=\"this.style.display='none'\" loading=\"lazy\" \/>\n<h2>\n\t\t\t\u00a1Un mont\u00f3n de actividades divertidas y atractivas\u2026 y recuerdos duraderos!\t<\/h2>\n\t<p>Con actividades preplanificadas dise\u00f1adas para ni\u00f1os de todas las edades y capacidades f\u00edsicas, \u00a1todos se divertir\u00e1n! Nuestro objetivo es facilitarte la vida organizando... <strong>Una fiesta s\u00faper divertida de la que todos los ni\u00f1os hablar\u00e1n.<\/strong> \u00a1Durante muchos a\u00f1os m\u00e1s!<\/p>\n\t\t\t\t<img decoding=\"async\" src=\"https:\/\/eversonskarate.com\/wp-content\/uploads\/2025\/07\/memories-img-04.jpg\" alt=\"memories img 04\" itemprop=\"image\" height=\"272\" width=\"408\" title=\"recuerdos imagen 04\" onerror=\"this.style.display='none'\" loading=\"lazy\" \/>\n<h3>\n\t\t\tRompiendo tablas\t<\/h3>\n\t<p>El ni\u00f1o del cumplea\u00f1os y sus invitados tendr\u00e1n que romper tablas de madera.<\/p>\n\t\t\t\t<img decoding=\"async\" src=\"https:\/\/eversonskarate.com\/wp-content\/uploads\/2025\/07\/memories-img-03.jpg\" alt=\"memories img 03\" itemprop=\"image\" height=\"272\" width=\"408\" title=\"recuerdos imagen 03\" onerror=\"this.style.display='none'\" loading=\"lazy\" \/>\n<h3>\n\t\t\tClases de karate gratis\t<\/h3>\n\t<p>1 hora de k\u00e1rate y juegos (consulte los paquetes de cumplea\u00f1os a continuaci\u00f3n para obtener m\u00e1s detalles).<\/p>\n\t\t\t\t<img decoding=\"async\" src=\"https:\/\/eversonskarate.com\/wp-content\/uploads\/2025\/07\/memories-img-02.jpg\" alt=\"memories img 02\" itemprop=\"image\" height=\"272\" width=\"408\" title=\"recuerdos imagen 02\" onerror=\"this.style.display='none'\" loading=\"lazy\" \/>\n<h3>\n\t\t\tcorte de espada\t<\/h3>\n\t<p>\u00a1El ni\u00f1o que cumple a\u00f1os podr\u00e1 cortar su pastel de cumplea\u00f1os con una espada samur\u00e1i REAL!<\/p>\n\t\t\t\t<img decoding=\"async\" src=\"https:\/\/eversonskarate.com\/wp-content\/uploads\/2025\/07\/memories-img-01.jpg\" alt=\"memories img 01\" itemprop=\"image\" height=\"272\" width=\"408\" title=\"recuerdos imagen 01\" onerror=\"this.style.display='none'\" loading=\"lazy\" \/>\n<h3>\n\t\t\t\u00a1Pase de karate gratis!\t<\/h3>\n\t<p>\u00a1Cada hu\u00e9sped tambi\u00e9n recibe un pase gratuito para clases de karate!<\/p>\n<h2>\n\t\t\tNuestras fiestas de cumplea\u00f1os son m\u00e1s divertidas que nunca. \u00a1Esc\u00fachalo directamente de nuestros padres!\t<\/h2>\n\t<div id='wpsr-reviews-grid-9137' class='wpsr-reviews-9137 wpsr-reviews-wrapper wpsr-feed-wrap wpsr_content     wpsr-reviews-template-testimonial2 wpsr-reviews-layout-grid' data-column='3' data-platforms='testimonial'><div class=\"wpsr-container\" style=\"\" ><div class=\"wpsr-all-reviews wpsr_feeds wpsr-ai-summary-enabled-grid wpsr-row\" data-column=\"3\"><div class=\"wpsr-col-3 wpsr-col-sm-4 wpsr-col-xs-12\" role=\"group\">\n            <div class=\"wpsr-review-template wpsr-testimonial-template-two wpsr-review-template-testimonial\"\n                 style=\"\"\n                 data-index=\"0\"\n                 data-review_platform=\"testimonial\"\n            >\n                <div data-rating=\"5\" class=\"wpsr-rating-wrapper wpsr-rating\">\n    \n            <div class=\"wpsr-star-container wpsr-star-background-filled\" style=\"--wpsr-review-star-fill: 100%;\">\n                    <div class=\"wpsr-star-empty\"><\/div>\n                    <div class=\"wpsr-star-filled\"><\/div>\n                <\/div><div class=\"wpsr-star-container wpsr-star-background-filled\" style=\"--wpsr-review-star-fill: 100%;\">\n                    <div class=\"wpsr-star-empty\"><\/div>\n                    <div class=\"wpsr-star-filled\"><\/div>\n                <\/div><div class=\"wpsr-star-container wpsr-star-background-filled\" style=\"--wpsr-review-star-fill: 100%;\">\n                    <div class=\"wpsr-star-empty\"><\/div>\n                    <div class=\"wpsr-star-filled\"><\/div>\n                <\/div><div class=\"wpsr-star-container wpsr-star-background-filled\" style=\"--wpsr-review-star-fill: 100%;\">\n                    <div class=\"wpsr-star-empty\"><\/div>\n                    <div class=\"wpsr-star-filled\"><\/div>\n                <\/div><div class=\"wpsr-star-container wpsr-star-background-filled\" style=\"--wpsr-review-star-fill: 100%;\">\n                    <div class=\"wpsr-star-empty\"><\/div>\n                    <div class=\"wpsr-star-filled\"><\/div>\n                <\/div>    \n    \n    \n    \n    <\/div><span data-time=\"2 a\u00f1os ago\" class=\"wpsr-review-date\">\n     16 de julio de 2024<\/span><h3 class=\"wpsr-review-title\">\n    Lindsay Drager<\/h3><div class=\"wpsr-review-content\" tabindex=\"0\">\n            <p class=\"wpsr-review-full-content\">Mi hija lleva asistiendo m\u00e1s de tres meses y \u00a1le encanta! Antes la ten\u00eda en otro sitio, pero no aprovechaba igual que aqu\u00ed. Aqu\u00ed recibe atenci\u00f3n personalizada (cuando la necesita) y est\u00e1 deseando ir cada d\u00eda. Aqu\u00ed corretea y gasta toda su energ\u00eda mientras empieza a aprender a defenderse. El Maestro Everson es maravilloso, paciente y tranquilo con todos.<\/p>\n    <\/div>            <div class=\"wpsr-review-header\">\n                <div class=\"wpsr-review-info\">\n                                        <\/div>\n                <\/div>\n            <\/div>\n        <\/div><div class=\"wpsr-col-3 wpsr-col-sm-4 wpsr-col-xs-12\" role=\"group\">\n            <div class=\"wpsr-review-template wpsr-testimonial-template-two wpsr-review-template-testimonial\"\n                 style=\"\"\n                 data-index=\"1\"\n                 data-review_platform=\"testimonial\"\n            >\n                <div data-rating=\"5\" class=\"wpsr-rating-wrapper wpsr-rating\">\n    \n            <div class=\"wpsr-star-container wpsr-star-background-filled\" style=\"--wpsr-review-star-fill: 100%;\">\n                    <div class=\"wpsr-star-empty\"><\/div>\n                    <div class=\"wpsr-star-filled\"><\/div>\n                <\/div><div class=\"wpsr-star-container wpsr-star-background-filled\" style=\"--wpsr-review-star-fill: 100%;\">\n                    <div class=\"wpsr-star-empty\"><\/div>\n                    <div class=\"wpsr-star-filled\"><\/div>\n                <\/div><div class=\"wpsr-star-container wpsr-star-background-filled\" style=\"--wpsr-review-star-fill: 100%;\">\n                    <div class=\"wpsr-star-empty\"><\/div>\n                    <div class=\"wpsr-star-filled\"><\/div>\n                <\/div><div class=\"wpsr-star-container wpsr-star-background-filled\" style=\"--wpsr-review-star-fill: 100%;\">\n                    <div class=\"wpsr-star-empty\"><\/div>\n                    <div class=\"wpsr-star-filled\"><\/div>\n                <\/div><div class=\"wpsr-star-container wpsr-star-background-filled\" style=\"--wpsr-review-star-fill: 100%;\">\n                    <div class=\"wpsr-star-empty\"><\/div>\n                    <div class=\"wpsr-star-filled\"><\/div>\n                <\/div>    \n    \n    \n    \n    <\/div><span data-time=\"3 a\u00f1os ago\" class=\"wpsr-review-date\">\n     24 de mayo de 2023<\/span><h3 class=\"wpsr-review-title\">\n    Lisa y Alex Guiral<\/h3><div class=\"wpsr-review-content\" tabindex=\"0\">\n            <p class=\"wpsr-review-full-content\">Nuestro hijo lleva casi un a\u00f1o asistiendo a Eversons. Estamos muy contentos con el progreso f\u00edsico y mental de Thomas. Est\u00e1 m\u00e1s concentrado, decidido y siente una gran satisfacci\u00f3n con cada nuevo cintur\u00f3n, parche y pegatina de reconocimiento. Recientemente, Thomas se uni\u00f3 al grupo de Liderazgo y est\u00e1 superando con creces los retos de cada clase. \u00a1La experiencia en Eversons ha sido realmente maravillosa para su autoestima!<\/p>\n    <\/div>            <div class=\"wpsr-review-header\">\n                <div class=\"wpsr-review-info\">\n                                        <\/div>\n                <\/div>\n            <\/div>\n        <\/div><div class=\"wpsr-col-3 wpsr-col-sm-4 wpsr-col-xs-12\" role=\"group\">\n            <div class=\"wpsr-review-template wpsr-testimonial-template-two wpsr-review-template-testimonial\"\n                 style=\"\"\n                 data-index=\"2\"\n                 data-review_platform=\"testimonial\"\n            >\n                <div data-rating=\"5\" class=\"wpsr-rating-wrapper wpsr-rating\">\n    \n            <div class=\"wpsr-star-container wpsr-star-background-filled\" style=\"--wpsr-review-star-fill: 100%;\">\n                    <div class=\"wpsr-star-empty\"><\/div>\n                    <div class=\"wpsr-star-filled\"><\/div>\n                <\/div><div class=\"wpsr-star-container wpsr-star-background-filled\" style=\"--wpsr-review-star-fill: 100%;\">\n                    <div class=\"wpsr-star-empty\"><\/div>\n                    <div class=\"wpsr-star-filled\"><\/div>\n                <\/div><div class=\"wpsr-star-container wpsr-star-background-filled\" style=\"--wpsr-review-star-fill: 100%;\">\n                    <div class=\"wpsr-star-empty\"><\/div>\n                    <div class=\"wpsr-star-filled\"><\/div>\n                <\/div><div class=\"wpsr-star-container wpsr-star-background-filled\" style=\"--wpsr-review-star-fill: 100%;\">\n                    <div class=\"wpsr-star-empty\"><\/div>\n                    <div class=\"wpsr-star-filled\"><\/div>\n                <\/div><div class=\"wpsr-star-container wpsr-star-background-filled\" style=\"--wpsr-review-star-fill: 100%;\">\n                    <div class=\"wpsr-star-empty\"><\/div>\n                    <div class=\"wpsr-star-filled\"><\/div>\n                <\/div>    \n    \n    \n    \n    <\/div><span data-time=\"4 a\u00f1os ago\" class=\"wpsr-review-date\">\n     19 de julio de 2022<\/span><h3 class=\"wpsr-review-title\">\n    Christine Allen<\/h3><div class=\"wpsr-review-content\" tabindex=\"0\">\n            <p class=\"wpsr-review-full-content\">Mi hijo de 9 a\u00f1os lleva queriendo aprender k\u00e1rate desde que vio Cobra Kia y todas las pel\u00edculas de Karate Kid, as\u00ed que sab\u00eda que iba en serio y era hora de buscar un sitio. Consult\u00e9 algunos grupos de Facebook y Everson&#039;s Karate ten\u00eda muy buenas recomendaciones. Apuntamos tres clases gratuitas, pero Everson&#039;s nos convenci\u00f3 desde el primer d\u00eda y nos decidimos.<\/p>\n    <\/div>            <div class=\"wpsr-review-header\">\n                <div class=\"wpsr-review-info\">\n                                        <\/div>\n                <\/div>\n            <\/div>\n        <\/div><div class=\"wpsr-col-3 wpsr-col-sm-4 wpsr-col-xs-12\" role=\"group\">\n            <div class=\"wpsr-review-template wpsr-testimonial-template-two wpsr-review-template-testimonial\"\n                 style=\"\"\n                 data-index=\"3\"\n                 data-review_platform=\"testimonial\"\n            >\n                <div data-rating=\"5\" class=\"wpsr-rating-wrapper wpsr-rating\">\n    \n            <div class=\"wpsr-star-container wpsr-star-background-filled\" style=\"--wpsr-review-star-fill: 100%;\">\n                    <div class=\"wpsr-star-empty\"><\/div>\n                    <div class=\"wpsr-star-filled\"><\/div>\n                <\/div><div class=\"wpsr-star-container wpsr-star-background-filled\" style=\"--wpsr-review-star-fill: 100%;\">\n                    <div class=\"wpsr-star-empty\"><\/div>\n                    <div class=\"wpsr-star-filled\"><\/div>\n                <\/div><div class=\"wpsr-star-container wpsr-star-background-filled\" style=\"--wpsr-review-star-fill: 100%;\">\n                    <div class=\"wpsr-star-empty\"><\/div>\n                    <div class=\"wpsr-star-filled\"><\/div>\n                <\/div><div class=\"wpsr-star-container wpsr-star-background-filled\" style=\"--wpsr-review-star-fill: 100%;\">\n                    <div class=\"wpsr-star-empty\"><\/div>\n                    <div class=\"wpsr-star-filled\"><\/div>\n                <\/div><div class=\"wpsr-star-container wpsr-star-background-filled\" style=\"--wpsr-review-star-fill: 100%;\">\n                    <div class=\"wpsr-star-empty\"><\/div>\n                    <div class=\"wpsr-star-filled\"><\/div>\n                <\/div>    \n    \n    \n    \n    <\/div><span data-time=\"5 a\u00f1os ago\" class=\"wpsr-review-date\">\n     9 de junio de 2021<\/span><h3 class=\"wpsr-review-title\">\n    Meghan Barone<\/h3><div class=\"wpsr-review-content\" tabindex=\"0\">\n            <p class=\"wpsr-review-full-content\">Nuestro hijo lleva un a\u00f1o asistiendo a la academia de k\u00e1rate de Everson. Hemos visto c\u00f3mo su confianza ha crecido m\u00e1s all\u00e1 de lo que jam\u00e1s imagin\u00f3. El maestro Everson se entrega por completo a la pr\u00e1ctica y al dojo, \u00a1y se nota! Te tratan como a uno m\u00e1s de la familia. Nuestro hijo celebr\u00f3 su sexto cumplea\u00f1os en la academia de k\u00e1rate de Everson, \u00a1y fue una experiencia inolvidable! Nuestro hijo de tres a\u00f1os tambi\u00e9n est\u00e1 a punto de empezar. \u00a1Recomendamos la academia de k\u00e1rate de Everson sin ninguna duda!<\/p>\n    <\/div>            <div class=\"wpsr-review-header\">\n                <div class=\"wpsr-review-info\">\n                                        <\/div>\n                <\/div>\n            <\/div>\n        <\/div><\/div><\/div><\/div>\n\t\t\t<a href=\"https:\/\/eversonskarate.com\/es\/testimonials\/\" target=\"_self\">\n\t\t\t\t\t\t\t<img decoding=\"async\" src=\"https:\/\/www.eversonskarate.com\/wp-content\/uploads\/2025\/07\/icon-quote.png\" alt=\"\"\/> Ver todos los testimonios\n\t\t\t\t\t<\/a>\n\t<p>Paquetes para fiestas<\/p>\n<h2>\n\t\t\t\u00a1Elige tu diversi\u00f3n!\t<\/h2>\n\t\t\t\t<img decoding=\"async\" src=\"https:\/\/eversonskarate.com\/wp-content\/uploads\/2025\/07\/cake-icon.png\" alt=\"cake icon\" itemprop=\"image\" height=\"151\" width=\"151\" title=\"icono de pastel\" onerror=\"this.style.display='none'\" loading=\"lazy\" \/>\n<h3>\n\t\t\tCumplea\u00f1os b\u00e1sico<br \/>Paquete de fiesta\t<\/h3>\n<h2>\n\t\t\t$300\t<\/h2>\n\t\u00a1N\u00famero ilimitado de hijos!<br \/>\n5 a\u00f1os o m\u00e1s\n\t\t\t\t<img decoding=\"async\" src=\"https:\/\/eversonskarate.com\/wp-content\/uploads\/2025\/07\/board-breaking-icon.png\" alt=\"board breaking icon\" itemprop=\"image\" height=\"151\" width=\"151\" title=\"icono de rotura de tablero\" onerror=\"this.style.display='none'\" loading=\"lazy\" \/>\n<h3>\n\t\t\tRompiendo tablas<br \/>Fiesta de Karate\t<\/h3>\n<h2>\n\t\t\t$375\t<\/h2>\n\t\u00a11 hora de juegos de karate y rotura de tablas!<br \/>\nM\u00e1ximo 20 ni\u00f1os de 5 a\u00f1os o m\u00e1s\n\t\t\t\t<img decoding=\"async\" src=\"https:\/\/eversonskarate.com\/wp-content\/uploads\/2025\/07\/chako-icon.png\" alt=\"chako icon\" itemprop=\"image\" height=\"151\" width=\"151\" title=\"icono de chako\" onerror=\"this.style.display='none'\" loading=\"lazy\" \/>\n<h3>\n\t\t\tNunchaku acolchado<br \/>Paquete de cumplea\u00f1os\t<\/h3>\n<h2>\n\t\t\t$375\t<\/h2>\n\t\u00a1Entrenamiento con nunchakus! Los ni\u00f1os se lo llevan a casa<br \/>\n\u00a1Nunchaku! M\u00e1ximo 20 ni\u00f1os de 5 a\u00f1os en adelante.\n\t<p>Why Choose Everson&#8217;s<\/p>\n<h2>\n\t\t\tMake Lasting MEMORIES\t<\/h2>\n\t<p>Give your child a unique birthday experience they&#8217;ll never forget. From board-breaking to sword-cutting the cake, every moment creates excitement and joy that kids will talk about for years!<\/p>\n\t\t\t<a href=\"https:\/\/eversonskarate.com\/wp-content\/uploads\/2025\/12\/20251215_Update_Party_PDF.pdf\" target=\"_blank\" rel=\"noopener\">\n\t\t\t\t\t\t\tDownload Party PDF\n\t\t\t<\/a>\n\t<iframe src=\"https:\/\/www.google.com\/maps\/embed\/v1\/place?q=Everson%27s+Karate+-+Robbinsville%3Cbr+%2F%3E2330+RT%23+33+SUITE+102%2C+ROBBINSVILLE%2C+NJ+08691&#038;key=AIzaSyD09zQ9PNDNNy9TadMuzRV_UsPUoWKntt8\" aria-hidden=\"true\"><\/iframe>\n\t<p><img loading=\"lazy\" decoding=\"async\" src=\"https:\/\/eversonskarate.com\/wp-content\/uploads\/2025\/07\/icon-map.png\" alt=\"\" width=\"47\" height=\"42\" \/> Karate Everson \u2013 Robbinsville | 2330 RT# 33 SUITE 102, ROBBINSVILLE, NJ 08691 | Tel\u00e9fono: 609-259-1519<\/p>","protected":false},"excerpt":{"rendered":"<p>Birthday parties Make Your Child&#8217;s Next Birthday Party A Karate Party! Celebrate your child&#8217;s birthday with cake, karate fun, and activities while you sit back and enjoy the fun! Watch [&hellip;]<\/p>\n","protected":false},"author":1,"featured_media":0,"parent":0,"menu_order":0,"comment_status":"closed","ping_status":"closed","template":"","meta":{"_seopress_robots_primary_cat":"","_seopress_titles_title":"","_seopress_titles_desc":"","_seopress_robots_index":"","inline_featured_image":false,"_genesis_hide_title":false,"_genesis_hide_breadcrumbs":false,"_genesis_hide_singular_image":false,"_genesis_hide_footer_widgets":false,"_genesis_custom_body_class":"","_genesis_custom_post_class":"","_genesis_layout":"","_price":"","_stock":"","_tribe_ticket_header":"","_tribe_default_ticket_provider":"","_ticket_start_date":"","_ticket_end_date":"","_tribe_ticket_show_description":"","_tribe_ticket_show_not_going":false,"_tribe_ticket_use_global_stock":"","_tribe_ticket_global_stock_level":"","_global_stock_mode":"","_global_stock_cap":"","_tribe_rsvp_for_event":"","_tribe_ticket_going_count":"","_tribe_ticket_not_going_count":"","_tribe_tickets_list":"[]","_tribe_ticket_has_attendee_info_fields":false,"footnotes":"","_tec_slr_enabled":"","_tec_slr_layout":""},"class_list":["post-8858","page","type-page","status-publish","entry"],"ticketed":false,"_links":{"self":[{"href":"https:\/\/eversonskarate.com\/es\/wp-json\/wp\/v2\/pages\/8858","targetHints":{"allow":["GET"]}}],"collection":[{"href":"https:\/\/eversonskarate.com\/es\/wp-json\/wp\/v2\/pages"}],"about":[{"href":"https:\/\/eversonskarate.com\/es\/wp-json\/wp\/v2\/types\/page"}],"author":[{"embeddable":true,"href":"https:\/\/eversonskarate.com\/es\/wp-json\/wp\/v2\/users\/1"}],"replies":[{"embeddable":true,"href":"https:\/\/eversonskarate.com\/es\/wp-json\/wp\/v2\/comments?post=8858"}],"version-history":[{"count":5,"href":"https:\/\/eversonskarate.com\/es\/wp-json\/wp\/v2\/pages\/8858\/revisions"}],"predecessor-version":[{"id":9536,"href":"https:\/\/eversonskarate.com\/es\/wp-json\/wp\/v2\/pages\/8858\/revisions\/9536"}],"wp:attachment":[{"href":"https:\/\/eversonskarate.com\/es\/wp-json\/wp\/v2\/media?parent=8858"}],"curies":[{"name":"wp","href":"https:\/\/api.w.org\/{rel}","templated":true}]}}