{"id":8857,"date":"2025-07-24T03:39:45","date_gmt":"2025-07-24T03:39:45","guid":{"rendered":"http:\/\/localhost\/eversonkarate-v2\/?page_id=8857"},"modified":"2025-11-19T05:08:50","modified_gmt":"2025-11-19T05:08:50","slug":"eversons-adult-karate","status":"publish","type":"page","link":"https:\/\/eversonskarate.com\/es\/eversons-adult-karate\/","title":{"rendered":"Karate para adultos"},"content":{"rendered":"<p>Programa de k\u00e1rate para adultos<\/p>\r\n<h1>\r\n\t\t\tBoost Your Fitness, Improve Your Health, and Learn Self-Defense with Adult Karate\t<\/h1>\r\n\t\u00a1Transforma tu estado f\u00edsico, perfecciona tus habilidades de autodefensa y divi\u00e9rtete!<br \/>\r\nTry a FREE 3-Day Trial Today!\r\n\t\t\t<a href=\"#free_trial_date\" target=\"_self\">\r\n\t\t\t\t\t\t\t\u00a1COMIENZA MI PRUEBA GRATUITA!\r\n\t\t\t<\/a>\r\n<h2>\r\n\t\t\tFitness + Health + Self-Defense\t<\/h2>\r\n\t\t\t\t<img decoding=\"async\" src=\"https:\/\/eversonskarate.com\/wp-content\/uploads\/2025\/08\/for-all-adults-img.jpg\" alt=\"for all adults img\" itemprop=\"image\" height=\"272\" width=\"408\" title=\"para todos los adultos img\" onerror=\"this.style.display='none'\" loading='lazy' \/>\r\n<h3>\r\n\t\t\taptitud f\u00edsica\t<\/h3>\r\n\t<p>Are you looking for a fun and challenging way to improve your fitness and health while learning valuable self-defense skills &amp; developing discipline and focus? Then adult karate classes are the perfect solution for you!<\/p>\r\n\t\t\t\t<img decoding=\"async\" src=\"https:\/\/eversonskarate.com\/wp-content\/uploads\/2025\/10\/stress-relief-and-balance-img.jpg\" alt=\"stress-relief-and-balance-img\" itemprop=\"image\" height=\"272\" width=\"408\" title=\"imagen de alivio del estr\u00e9s y equilibrio\" onerror=\"this.style.display='none'\" loading='lazy' \/>\r\n<h3>\r\n\t\t\tStress Relief &#038; Balance\t<\/h3>\r\n\t<p>Our karate classes offer many other benefits, including stress relief, improved mental health, and a sense of community. Meet new people and form friendships with like-minded individuals who enjoy martial arts.<\/p>\r\n\t\t\t\t<img decoding=\"async\" src=\"https:\/\/eversonskarate.com\/wp-content\/uploads\/2025\/08\/fitness-and-defense-img.jpg\" alt=\"fitness and defense img\" itemprop=\"image\" height=\"272\" width=\"408\" title=\"imagen de fitness y defensa\" onerror=\"this.style.display='none'\" loading='lazy' \/>\r\n<h3>\r\n\t\t\tAutodefensa\t<\/h3>\r\n\t<p>Our adult karate program teaches practical self-defense skills for all ages and abilities, with experienced instructors guiding you every step of the way to build confidence, awareness, and effective techniques.<\/p>\r\n<h2>\r\n\t\t\tBig Benefits When You Sign Up\t<\/h2>\r\n\t\t\t\t<img decoding=\"async\" src=\"https:\/\/eversonskarate.com\/wp-content\/uploads\/2025\/08\/icon-physical-fitness.png\" alt=\"icon physical fitness\" itemprop=\"image\" height=\"151\" width=\"152\" title=\"\u00edcono de la aptitud f\u00edsica\" onerror=\"this.style.display='none'\" loading='lazy' \/>\r\n<h3>\r\n\t\t\tAPTITUD F\u00cdSICA\t<\/h3>\r\n\t<p>Consigue un entrenamiento de cuerpo completo que mejore la salud cardiovascular, la fuerza, la flexibilidad y la resistencia.<\/p>\r\n\t\t\t\t<img decoding=\"async\" src=\"https:\/\/eversonskarate.com\/wp-content\/uploads\/2025\/08\/icon-mental-health.png\" alt=\"icon mental health\" itemprop=\"image\" height=\"151\" width=\"152\" title=\"\u00edcono de salud mental\" onerror=\"this.style.display='none'\" loading='lazy' \/>\r\n<h3>\r\n\t\t\tSalud mental\t<\/h3>\r\n\t<p>Combate el estr\u00e9s diario mediante un entrenamiento espec\u00edfico que despeje tu mente y aumente tu confianza.<\/p>\r\n\t\t\t\t<img decoding=\"async\" src=\"https:\/\/eversonskarate.com\/wp-content\/uploads\/2025\/08\/icon-self-defense.png\" alt=\"icon self defense\" itemprop=\"image\" height=\"151\" width=\"152\" title=\"\u00edcono de autodefensa\" onerror=\"this.style.display='none'\" loading='lazy' \/>\r\n<h3>\r\n\t\t\tAUTODEFENSA\t<\/h3>\r\n\t<p>Aprende t\u00e9cnicas pr\u00e1cticas para protegerte y desarrolla conciencia en situaciones de la vida real.<\/p>\r\n\t\t\t\t<img decoding=\"async\" src=\"https:\/\/eversonskarate.com\/wp-content\/uploads\/2025\/08\/icon-coordination-balance.png\" alt=\"icon coordination balance\" itemprop=\"image\" height=\"151\" width=\"152\" title=\"equilibrio de coordinaci\u00f3n de iconos\" onerror=\"this.style.display='none'\" loading='lazy' \/>\r\n<h3>\r\n\t\t\tCOORDINACI\u00d3N + EQUILIBRIO\t<\/h3>\r\n\t<p>Mejora la conciencia corporal y la coordinaci\u00f3n mediante movimientos precisos que optimizan las actividades cotidianas.<\/p>\r\n\t\t\t\t<img decoding=\"async\" src=\"https:\/\/eversonskarate.com\/wp-content\/uploads\/2025\/08\/icon-target.png\" alt=\"icon target\" itemprop=\"image\" height=\"151\" width=\"152\" title=\"objetivo del icono\" onerror=\"this.style.display='none'\" loading='lazy' \/>\r\n<h3>\r\n\t\t\tAPRENDIENDO UNA NUEVA HABILIDAD\t<\/h3>\r\n\t<p>Ponte a prueba con un arte marcial gratificante que te brinde aprendizaje para toda la vida y realizaci\u00f3n personal.<\/p>\r\n\t\t\t\t<img decoding=\"async\" src=\"https:\/\/eversonskarate.com\/wp-content\/uploads\/2025\/08\/icon-community.png\" alt=\"icon community\" itemprop=\"image\" height=\"151\" width=\"152\" title=\"comunidad de iconos\" onerror=\"this.style.display='none'\" loading='lazy' \/>\r\n<h3>\r\n\t\t\tCOMMUNITY &#038; SOCIALIZATION\t<\/h3>\r\n\t<p>Entrena con adultos con ideas afines en un ambiente de apoyo que te mantiene motivado y responsable.<\/p>\r\n<h2>\r\n\t\t\tUna comunidad c\u00e1lida para<br \/> \u00a1Todo para disfrutar y aprender!\t<\/h2>\r\n\tWhether you&#8217;re just starting or have previous martial arts experience, our programs are designed to help you grow at your own pace. You&#8217;ll improve your fitness, gain confidence, and enjoy the sense of accomplishment that comes with mastering new skills.\r\nOur experienced instructors provide personalized guidance every step of the way, helping you develop practical self-defense techniques, mental focus, and discipline, all in a friendly, supportive environment where you can thrive.\r\n<h2>\r\n\t\t\tMore Reasons to Convince You to Try Everson&#8217;s Adult Karate\t<\/h2>\r\n\t<p>Los beneficios f\u00edsicos y personales de nuestro sistema de k\u00e1rate para adultos pueden ayudar a los adultos a:<\/p>\r\n\t<ul>\r\n<li>Aliviar la tensi\u00f3n<\/li>\r\n<li>Aumentar la resistencia<\/li>\r\n<li>Perder peso<\/li>\r\n<li>Reducir el estr\u00e9s<\/li>\r\n<li>Nuevo entusiasmo por la vida<\/li>\r\n<li>Gana confianza<\/li>\r\n<li>Mejorar la coordinaci\u00f3n<\/li>\r\n<li>Ponte en forma y mantente en forma.<\/li>\r\n<li>\u00a1Pasa tiempo con tu familia y amigos!<\/li>\r\n<\/ul>\r\n<h2>\r\n\t\t\tOur numbers are growing FAST!\t<\/h2>\r\n\t<div id='wpsr-reviews-grid-9137' class='wpsr-reviews-9137 wpsr-reviews-wrapper wpsr-feed-wrap wpsr_content     wpsr-reviews-template-testimonial2 wpsr-reviews-layout-grid' data-column='3' data-platforms='testimonial'><div class=\"wpsr-container\" style=\"\" ><div class=\"wpsr-all-reviews wpsr_feeds wpsr-ai-summary-enabled-grid wpsr-row\" data-column=\"3\"><div class=\"wpsr-col-3 wpsr-col-sm-4 wpsr-col-xs-12\" role=\"group\">\n            <div class=\"wpsr-review-template wpsr-testimonial-template-two wpsr-review-template-testimonial\"\n                 style=\"\"\n                 data-index=\"0\"\n                 data-review_platform=\"testimonial\"\n            >\n                <div data-rating=\"5\" class=\"wpsr-rating-wrapper wpsr-rating\">\n    \n            <div class=\"wpsr-star-container wpsr-star-background-filled\" style=\"--wpsr-review-star-fill: 100%;\">\n                    <div class=\"wpsr-star-empty\"><\/div>\n                    <div class=\"wpsr-star-filled\"><\/div>\n                <\/div><div class=\"wpsr-star-container wpsr-star-background-filled\" style=\"--wpsr-review-star-fill: 100%;\">\n                    <div class=\"wpsr-star-empty\"><\/div>\n                    <div class=\"wpsr-star-filled\"><\/div>\n                <\/div><div class=\"wpsr-star-container wpsr-star-background-filled\" style=\"--wpsr-review-star-fill: 100%;\">\n                    <div class=\"wpsr-star-empty\"><\/div>\n                    <div class=\"wpsr-star-filled\"><\/div>\n                <\/div><div class=\"wpsr-star-container wpsr-star-background-filled\" style=\"--wpsr-review-star-fill: 100%;\">\n                    <div class=\"wpsr-star-empty\"><\/div>\n                    <div class=\"wpsr-star-filled\"><\/div>\n                <\/div><div class=\"wpsr-star-container wpsr-star-background-filled\" style=\"--wpsr-review-star-fill: 100%;\">\n                    <div class=\"wpsr-star-empty\"><\/div>\n                    <div class=\"wpsr-star-filled\"><\/div>\n                <\/div>    \n    \n    \n    \n    <\/div><span data-time=\"2 a\u00f1os ago\" class=\"wpsr-review-date\">\n     16 de julio de 2024<\/span><h3 class=\"wpsr-review-title\">\n    Lindsay Drager<\/h3><div class=\"wpsr-review-content\" tabindex=\"0\">\n            <p class=\"wpsr-review-full-content\">Mi hija lleva asistiendo m\u00e1s de tres meses y \u00a1le encanta! Antes la ten\u00eda en otro sitio, pero no aprovechaba igual que aqu\u00ed. Aqu\u00ed recibe atenci\u00f3n personalizada (cuando la necesita) y est\u00e1 deseando ir cada d\u00eda. Aqu\u00ed corretea y gasta toda su energ\u00eda mientras empieza a aprender a defenderse. El Maestro Everson es maravilloso, paciente y tranquilo con todos.<\/p>\n    <\/div>            <div class=\"wpsr-review-header\">\n                <div class=\"wpsr-review-info\">\n                                        <\/div>\n                <\/div>\n            <\/div>\n        <\/div><div class=\"wpsr-col-3 wpsr-col-sm-4 wpsr-col-xs-12\" role=\"group\">\n            <div class=\"wpsr-review-template wpsr-testimonial-template-two wpsr-review-template-testimonial\"\n                 style=\"\"\n                 data-index=\"1\"\n                 data-review_platform=\"testimonial\"\n            >\n                <div data-rating=\"5\" class=\"wpsr-rating-wrapper wpsr-rating\">\n    \n            <div class=\"wpsr-star-container wpsr-star-background-filled\" style=\"--wpsr-review-star-fill: 100%;\">\n                    <div class=\"wpsr-star-empty\"><\/div>\n                    <div class=\"wpsr-star-filled\"><\/div>\n                <\/div><div class=\"wpsr-star-container wpsr-star-background-filled\" style=\"--wpsr-review-star-fill: 100%;\">\n                    <div class=\"wpsr-star-empty\"><\/div>\n                    <div class=\"wpsr-star-filled\"><\/div>\n                <\/div><div class=\"wpsr-star-container wpsr-star-background-filled\" style=\"--wpsr-review-star-fill: 100%;\">\n                    <div class=\"wpsr-star-empty\"><\/div>\n                    <div class=\"wpsr-star-filled\"><\/div>\n                <\/div><div class=\"wpsr-star-container wpsr-star-background-filled\" style=\"--wpsr-review-star-fill: 100%;\">\n                    <div class=\"wpsr-star-empty\"><\/div>\n                    <div class=\"wpsr-star-filled\"><\/div>\n                <\/div><div class=\"wpsr-star-container wpsr-star-background-filled\" style=\"--wpsr-review-star-fill: 100%;\">\n                    <div class=\"wpsr-star-empty\"><\/div>\n                    <div class=\"wpsr-star-filled\"><\/div>\n                <\/div>    \n    \n    \n    \n    <\/div><span data-time=\"3 a\u00f1os ago\" class=\"wpsr-review-date\">\n     24 de mayo de 2023<\/span><h3 class=\"wpsr-review-title\">\n    Lisa y Alex Guiral<\/h3><div class=\"wpsr-review-content\" tabindex=\"0\">\n            <p class=\"wpsr-review-full-content\">Nuestro hijo lleva casi un a\u00f1o asistiendo a Eversons. Estamos muy contentos con el progreso f\u00edsico y mental de Thomas. Est\u00e1 m\u00e1s concentrado, decidido y siente una gran satisfacci\u00f3n con cada nuevo cintur\u00f3n, parche y pegatina de reconocimiento. Recientemente, Thomas se uni\u00f3 al grupo de Liderazgo y est\u00e1 superando con creces los retos de cada clase. \u00a1La experiencia en Eversons ha sido realmente maravillosa para su autoestima!<\/p>\n    <\/div>            <div class=\"wpsr-review-header\">\n                <div class=\"wpsr-review-info\">\n                                        <\/div>\n                <\/div>\n            <\/div>\n        <\/div><div class=\"wpsr-col-3 wpsr-col-sm-4 wpsr-col-xs-12\" role=\"group\">\n            <div class=\"wpsr-review-template wpsr-testimonial-template-two wpsr-review-template-testimonial\"\n                 style=\"\"\n                 data-index=\"2\"\n                 data-review_platform=\"testimonial\"\n            >\n                <div data-rating=\"5\" class=\"wpsr-rating-wrapper wpsr-rating\">\n    \n            <div class=\"wpsr-star-container wpsr-star-background-filled\" style=\"--wpsr-review-star-fill: 100%;\">\n                    <div class=\"wpsr-star-empty\"><\/div>\n                    <div class=\"wpsr-star-filled\"><\/div>\n                <\/div><div class=\"wpsr-star-container wpsr-star-background-filled\" style=\"--wpsr-review-star-fill: 100%;\">\n                    <div class=\"wpsr-star-empty\"><\/div>\n                    <div class=\"wpsr-star-filled\"><\/div>\n                <\/div><div class=\"wpsr-star-container wpsr-star-background-filled\" style=\"--wpsr-review-star-fill: 100%;\">\n                    <div class=\"wpsr-star-empty\"><\/div>\n                    <div class=\"wpsr-star-filled\"><\/div>\n                <\/div><div class=\"wpsr-star-container wpsr-star-background-filled\" style=\"--wpsr-review-star-fill: 100%;\">\n                    <div class=\"wpsr-star-empty\"><\/div>\n                    <div class=\"wpsr-star-filled\"><\/div>\n                <\/div><div class=\"wpsr-star-container wpsr-star-background-filled\" style=\"--wpsr-review-star-fill: 100%;\">\n                    <div class=\"wpsr-star-empty\"><\/div>\n                    <div class=\"wpsr-star-filled\"><\/div>\n                <\/div>    \n    \n    \n    \n    <\/div><span data-time=\"4 a\u00f1os ago\" class=\"wpsr-review-date\">\n     19 de julio de 2022<\/span><h3 class=\"wpsr-review-title\">\n    Christine Allen<\/h3><div class=\"wpsr-review-content\" tabindex=\"0\">\n            <p class=\"wpsr-review-full-content\">Mi hijo de 9 a\u00f1os lleva queriendo aprender k\u00e1rate desde que vio Cobra Kia y todas las pel\u00edculas de Karate Kid, as\u00ed que sab\u00eda que iba en serio y era hora de buscar un sitio. Consult\u00e9 algunos grupos de Facebook y Everson&#039;s Karate ten\u00eda muy buenas recomendaciones. Apuntamos tres clases gratuitas, pero Everson&#039;s nos convenci\u00f3 desde el primer d\u00eda y nos decidimos.<\/p>\n    <\/div>            <div class=\"wpsr-review-header\">\n                <div class=\"wpsr-review-info\">\n                                        <\/div>\n                <\/div>\n            <\/div>\n        <\/div><div class=\"wpsr-col-3 wpsr-col-sm-4 wpsr-col-xs-12\" role=\"group\">\n            <div class=\"wpsr-review-template wpsr-testimonial-template-two wpsr-review-template-testimonial\"\n                 style=\"\"\n                 data-index=\"3\"\n                 data-review_platform=\"testimonial\"\n            >\n                <div data-rating=\"5\" class=\"wpsr-rating-wrapper wpsr-rating\">\n    \n            <div class=\"wpsr-star-container wpsr-star-background-filled\" style=\"--wpsr-review-star-fill: 100%;\">\n                    <div class=\"wpsr-star-empty\"><\/div>\n                    <div class=\"wpsr-star-filled\"><\/div>\n                <\/div><div class=\"wpsr-star-container wpsr-star-background-filled\" style=\"--wpsr-review-star-fill: 100%;\">\n                    <div class=\"wpsr-star-empty\"><\/div>\n                    <div class=\"wpsr-star-filled\"><\/div>\n                <\/div><div class=\"wpsr-star-container wpsr-star-background-filled\" style=\"--wpsr-review-star-fill: 100%;\">\n                    <div class=\"wpsr-star-empty\"><\/div>\n                    <div class=\"wpsr-star-filled\"><\/div>\n                <\/div><div class=\"wpsr-star-container wpsr-star-background-filled\" style=\"--wpsr-review-star-fill: 100%;\">\n                    <div class=\"wpsr-star-empty\"><\/div>\n                    <div class=\"wpsr-star-filled\"><\/div>\n                <\/div><div class=\"wpsr-star-container wpsr-star-background-filled\" style=\"--wpsr-review-star-fill: 100%;\">\n                    <div class=\"wpsr-star-empty\"><\/div>\n                    <div class=\"wpsr-star-filled\"><\/div>\n                <\/div>    \n    \n    \n    \n    <\/div><span data-time=\"5 a\u00f1os ago\" class=\"wpsr-review-date\">\n     9 de junio de 2021<\/span><h3 class=\"wpsr-review-title\">\n    Meghan Barone<\/h3><div class=\"wpsr-review-content\" tabindex=\"0\">\n            <p class=\"wpsr-review-full-content\">Nuestro hijo lleva un a\u00f1o asistiendo a la academia de k\u00e1rate de Everson. Hemos visto c\u00f3mo su confianza ha crecido m\u00e1s all\u00e1 de lo que jam\u00e1s imagin\u00f3. El maestro Everson se entrega por completo a la pr\u00e1ctica y al dojo, \u00a1y se nota! Te tratan como a uno m\u00e1s de la familia. Nuestro hijo celebr\u00f3 su sexto cumplea\u00f1os en la academia de k\u00e1rate de Everson, \u00a1y fue una experiencia inolvidable! Nuestro hijo de tres a\u00f1os tambi\u00e9n est\u00e1 a punto de empezar. \u00a1Recomendamos la academia de k\u00e1rate de Everson sin ninguna duda!<\/p>\n    <\/div>            <div class=\"wpsr-review-header\">\n                <div class=\"wpsr-review-info\">\n                                        <\/div>\n                <\/div>\n            <\/div>\n        <\/div><\/div><\/div><\/div>\r\n\t\t\t<a href=\"https:\/\/eversonskarate.com\/es\/testimonials\/\" target=\"_self\">\r\n\t\t\t\t\t\t\t<img decoding=\"async\" src=\"https:\/\/www.eversonskarate.com\/wp-content\/uploads\/2025\/07\/icon-quote.png\" alt=\"\"\/> Ver todos los testimonios\r\n\t\t\t\t\t<\/a>\r\n\t<p>Comienza<\/p>\r\n<h2>\r\n\t\t\t\u00bfPor qu\u00e9 esperar?\t<\/h2>\r\n\t<p>Join our Adult Karate classes today and discover the countless benefits of this rewarding practice. Whether you&#8217;re new to martial arts or an experienced practitioner, our programs are designed to help you grow, improve, and reach your full potential.<\/p>\r\n\t\t\t<a href=\"#free_trial_date\" target=\"_self\">\r\n\t\t\t\t\t\t\t\u00a1COMIENZA MI PRUEBA GRATUITA!\r\n\t\t\t<\/a>\r\n\t<iframe src=\"https:\/\/www.google.com\/maps\/embed\/v1\/place?q=Everson%27s+Karate+-+Robbinsville%3Cbr+%2F%3E2330+RT%23+33+SUITE+102%2C+ROBBINSVILLE%2C+NJ+08691&#038;key=AIzaSyD09zQ9PNDNNy9TadMuzRV_UsPUoWKntt8\" aria-hidden=\"true\"><\/iframe>\r\n\t<p><img loading=\"lazy\" decoding=\"async\" src=\"https:\/\/eversonskarate.com\/wp-content\/uploads\/2025\/07\/icon-map.png\" alt=\"\" width=\"47\" height=\"42\" \/> Karate Everson \u2013 Robbinsville | 2330 RT# 33 SUITE 102, ROBBINSVILLE, NJ 08691 | Tel\u00e9fono: 609-259-1519<\/p>","protected":false},"excerpt":{"rendered":"<p>Adult Karate program Boost Your Fitness, Improve Your Health, and Learn Self-Defense with Adult Karate Transform your fitness, sharpen your self-defense skills, and have fun! Try a FREE 3-Day Trial [&hellip;]<\/p>\n","protected":false},"author":1,"featured_media":0,"parent":0,"menu_order":0,"comment_status":"closed","ping_status":"closed","template":"","meta":{"_seopress_robots_primary_cat":"","_seopress_titles_title":"","_seopress_titles_desc":"","_seopress_robots_index":"","inline_featured_image":false,"_genesis_hide_title":false,"_genesis_hide_breadcrumbs":false,"_genesis_hide_singular_image":false,"_genesis_hide_footer_widgets":false,"_genesis_custom_body_class":"","_genesis_custom_post_class":"","_genesis_layout":"","_price":"","_stock":"","_tribe_ticket_header":"","_tribe_default_ticket_provider":"","_ticket_start_date":"","_ticket_end_date":"","_tribe_ticket_show_description":"","_tribe_ticket_show_not_going":false,"_tribe_ticket_use_global_stock":"","_tribe_ticket_global_stock_level":"","_global_stock_mode":"","_global_stock_cap":"","_tribe_rsvp_for_event":"","_tribe_ticket_going_count":"","_tribe_ticket_not_going_count":"","_tribe_tickets_list":"[]","_tribe_ticket_has_attendee_info_fields":false,"footnotes":"","_tec_slr_enabled":"","_tec_slr_layout":""},"class_list":["post-8857","page","type-page","status-publish","entry"],"ticketed":false,"_links":{"self":[{"href":"https:\/\/eversonskarate.com\/es\/wp-json\/wp\/v2\/pages\/8857","targetHints":{"allow":["GET"]}}],"collection":[{"href":"https:\/\/eversonskarate.com\/es\/wp-json\/wp\/v2\/pages"}],"about":[{"href":"https:\/\/eversonskarate.com\/es\/wp-json\/wp\/v2\/types\/page"}],"author":[{"embeddable":true,"href":"https:\/\/eversonskarate.com\/es\/wp-json\/wp\/v2\/users\/1"}],"replies":[{"embeddable":true,"href":"https:\/\/eversonskarate.com\/es\/wp-json\/wp\/v2\/comments?post=8857"}],"version-history":[{"count":5,"href":"https:\/\/eversonskarate.com\/es\/wp-json\/wp\/v2\/pages\/8857\/revisions"}],"predecessor-version":[{"id":9361,"href":"https:\/\/eversonskarate.com\/es\/wp-json\/wp\/v2\/pages\/8857\/revisions\/9361"}],"wp:attachment":[{"href":"https:\/\/eversonskarate.com\/es\/wp-json\/wp\/v2\/media?parent=8857"}],"curies":[{"name":"wp","href":"https:\/\/api.w.org\/{rel}","templated":true}]}}