{"id":25,"date":"2025-07-23T05:00:42","date_gmt":"2025-07-23T05:00:42","guid":{"rendered":"http:\/\/localhost\/eversonkarate-v2\/?page_id=25"},"modified":"2025-12-05T15:02:40","modified_gmt":"2025-12-05T20:02:40","slug":"class-schedules","status":"publish","type":"page","link":"https:\/\/eversonskarate.com\/es\/class-schedules\/","title":{"rendered":"Horarios de clase"},"content":{"rendered":"<h1>\n\t\t\tHorario de clases\t<\/h1>\n<h2>\n\t\t\tAcademia de artes marciales de Robbinsville, Nueva Jersey\t<\/h2>\n\n<h2>\n\t\t\tWe have a class  for absolutely everyone!\t<\/h2>\n\tWelcome to Everson&#8217;s Karate in Robbinsville! Whether you want a new workout, a confidence boost, or practical self-defense, we&#8217;ve got a class for you!\n<ul data-start=\"100\" data-end=\"351\">\n<li data-start=\"100\" data-end=\"190\">\n<strong data-start=\"102\" data-end=\"117\">Karate infantil<\/strong> &#8211; builds focus, confidence, self-esteem, and supports better academics\n<\/li>\n<li data-start=\"191\" data-end=\"284\">\n<strong data-start=\"193\" data-end=\"218\">Karate para adolescentes y adultos<\/strong> &#8211; develop self-defense skills, awareness, and sharper instincts\n<\/li>\n<li data-start=\"285\" data-end=\"351\">\n<strong data-start=\"287\" data-end=\"308\">Leadership Program<\/strong> &#8211; strengthen character, focus, and confidence while learning leadership skills\n<\/li>\n<\/ul>\nDon&#8217;t forget, you can try any of our programs with a <strong data-start=\"77\" data-end=\"97\">\u00a1Prueba gratuita de 3 d\u00edas!<\/strong>\n\tInstructors Training &#8211; held on the first Saturday of each month at 10:45 am &#8211; 11:25 am.<br \/>\nLeadership Challenges &#8211; held on the third Saturday of each month at 10:45 am &#8211; 11:45 am.\n<h2>\n\t\t\tChildren Karate Class Schedule\t<\/h2>\n\t<p>Our children&#8217;s karate programs are specifically designed to help students improve their grades, resist peer pressure, build confidence, and stand up for what&#8217;s right. Every aspect of our training is developed with your child in mind.<\/p>\n\t<ul>\n<li>Tigres Peque\u00f1os: Edades 4-6 Todos los Rangos<\/li>\n<li>Level One: Ages 7-12 No Belt &#8211; Gold Belt<\/li>\n<li>Level Two: Ages 7-12 White\/Green Belt &#8211; Blue Belt<\/li>\n<li>Nivel tres: Edades 7-12 Cinturones color canela - Todos los cinturones negros<\/li>\n<\/ul>\n<h3>\n\t\t\tLunes\t<\/h3>\n<h6>\n\t\t\tTigres peque\u00f1os (de 5 a 6 a\u00f1os)\t<\/h6>\n\t<p>6:45 PM<\/p>\n<h6>\n\t\t\tNivel 1\t<\/h6>\n\t<p>5:15 PM<\/p>\n<h6>\n\t\t\tNivel 2\t<\/h6>\n\t<p>6:00 PM<\/p>\n<h6>\n\t\t\tNivel 3\t<\/h6>\n\t<p>4:30 PM o 6:00 PM<\/p>\n<h3>\n\t\t\tMartes\t<\/h3>\n<h6>\n\t\t\tTigres peque\u00f1os (de 5 a 6 a\u00f1os)\t<\/h6>\n\t<p>4:30 PM<\/p>\n<h6>\n\t\t\tNivel 1\t<\/h6>\n\t<p>5:15 PM<\/p>\n<h6>\n\t\t\tNivel 2\t<\/h6>\n\t<p>6:00 PM<\/p>\n<h6>\n\t\t\tNivel 3\t<\/h6>\n\t<p>6:45 PM<\/p>\n<h3>\n\t\t\tMi\u00e9rcoles\t<\/h3>\n<h6>\n\t\t\tNivel 1\t<\/h6>\n\t<p>4:30 PM<\/p>\n<h6>\n\t\t\tNivel 2\t<\/h6>\n\t<p>5:15 PM<\/p>\n<h6>\n\t\t\tNivel 3\t<\/h6>\n\t<p>5:15 PM<\/p>\n<h6>\n\t\t\tLiderazgo\t<\/h6>\n\t<p>6:00 PM Edades 6-11<br \/>6:45 PM Edades 12 a\u00f1os en adelante<\/p>\n<h3>\n\t\t\tJueves\t<\/h3>\n<h6>\n\t\t\tTigres peque\u00f1os (de 5 a 6 a\u00f1os)\t<\/h6>\n\t<p>5:15 PM<\/p>\n<h6>\n\t\t\tNivel 1\t<\/h6>\n\t<p>6:00 PM<\/p>\n<h6>\n\t\t\tNivel 2\t<\/h6>\n\t<p>4:30 PM<\/p>\n<h6>\n\t\t\tNivel 3\t<\/h6>\n\t<p>6:45 PM<\/p>\n<h3>\n\t\t\tViernes\t<\/h3>\n<h3>\n\t\t\tS\u00e1bado\t<\/h3>\n<h6>\n\t\t\tTigres peque\u00f1os (de 5 a 6 a\u00f1os)\t<\/h6>\n\t<p>10:00 AM<\/p>\n<h6>\n\t\t\tNivel 1\t<\/h6>\n\t<p>9:15 AM<\/p>\n<h6>\n\t\t\tNivel 2\t<\/h6>\n\t<p>9:15 AM<\/p>\n<h6>\n\t\t\tNivel 3\t<\/h6>\n\t<p>9:15 AM<\/p>\n<h6>\n\t\t\tLiderazgo\t<\/h6>\n\t<p>10:45 AM<br \/>Todas las edades<\/p>\n<h3>\n\t\t\tDomingo\t<\/h3>\n\t<ul>\n<li>Instructor Training: 1st Saturday of the Month\u00a0 \u00a010:45 AM &#8211; 11:30 AM<\/li>\n<li>Leadership Challenges: 3rd Saturday of the Month 10:45 AM &#8211; 11:30 AM<\/li>\n<\/ul>\n<h2>\n\t\t\tTeens &#038; Adults Karate Class Schedule\t<\/h2>\n\t<p>Our Teens &amp; Adults Karate programs have been specifically designed to teach self-defense, increase awareness, boost health, build confidence, and reduce stress<br \/><br \/>These classes are for Teens and Adults: Ages 13 and Up &#8211; All Ranks<\/p>\n\t<ul>\n<li>Instructor Training &#8211; First Saturday of the month 10:45 AM &#8211; 11:30AM<\/li>\n<li>Leadership Challenge&#8217;s &#8211; Third Saturday of the month from 10:45 AM &#8211; 11:45 AM<\/li>\n<\/ul>\n<h3>\n\t\t\tLunes\t<\/h3>\n<h6>\n\t\t\tTeens &#038; Adults\t<\/h6>\n\t<p>7:30 PM<\/p>\n<h3>\n\t\t\tMartes\t<\/h3>\n<h6>\n\t\t\tTeens &#038; Adults\t<\/h6>\n\t<p>7:30 PM<\/p>\n<h3>\n\t\t\tMi\u00e9rcoles\t<\/h3>\n<h6>\n\t\t\tTeens &#038; Adults\t<\/h6>\n\t<p>7:30 PM<\/p>\n<h3>\n\t\t\tJueves\t<\/h3>\n<h6>\n\t\t\tTeens &#038; Adults\t<\/h6>\n\t<p>7:30 PM<\/p>\n<h3>\n\t\t\tViernes\t<\/h3>\n<h3>\n\t\t\tS\u00e1bado\t<\/h3>\n<h3>\n\t\t\tDomingo\t<\/h3>\n<h2>\n\t\t\tEverson&#8217;s Karate  |  Call us at 609-259-1519.\t<\/h2>\n\t<p>o vis\u00edtenos en nuestra ubicaci\u00f3n en 2330 RT# 33 Suite 102, Robbinsville, NJ, 08691<\/p>\n\t\t\t<a href=\"#free_trial_date\" target=\"_self\">\n\t\t\t\t\t\t\tPrueba gratuita de 3 d\u00edas\n\t\t\t<\/a>\n<h2>\n\t\t\tStudents &#038; Parents Testimonials\t<\/h2>\n\t<div id='wpsr-reviews-grid-9255' class='wpsr-reviews-9255 wpsr-reviews-wrapper wpsr-feed-wrap wpsr_content     wpsr-reviews-template-testimonial1 wpsr-reviews-layout-grid' data-column='4' data-platforms='testimonial'><div class=\"wpsr-container\" style=\"\" ><div class=\"wpsr-all-reviews wpsr_feeds wpsr-ai-summary-enabled-grid wpsr-row\" data-column=\"4\"><div class=\"wpsr-col-4 wpsr-col-sm-4 wpsr-col-xs-12\" role=\"group\">\n            <div class=\"wpsr-review-template wpsr-testimonial-template-one wpsr-review-template-testimonial\"\n                 style=\"\"\n                 data-index=\"0\"\n                 data-review_platform=\"testimonial\"\n            >\n                <div class=\"wpsr-review-content\" tabindex=\"0\">\n            <p class=\"wpsr-review-full-content\">Mi hija lleva asistiendo m\u00e1s de tres meses y \u00a1le encanta! Antes la ten\u00eda en otro sitio, pero no aprovechaba igual que aqu\u00ed. Aqu\u00ed recibe atenci\u00f3n personalizada (cuando la necesita) y est\u00e1 deseando ir cada d\u00eda. Aqu\u00ed corretea y gasta toda su energ\u00eda mientras empieza a aprender a defenderse. El Maestro Everson es maravilloso, paciente y tranquilo con todos.<\/p>\n    <\/div>                <div class=\"wpsr-review-header\">\n                                    <div class=\"wpsr-review-info\">\n                    <span class=\"wpsr-reviewer-name-url\"   >\n    <span class=\"wpsr-reviewer-name\">Lindsay Drager<\/span>\n    <\/span>                    <\/div>\n                <\/div>\n            <\/div>\n        <\/div><div class=\"wpsr-col-4 wpsr-col-sm-4 wpsr-col-xs-12\" role=\"group\">\n            <div class=\"wpsr-review-template wpsr-testimonial-template-one wpsr-review-template-testimonial\"\n                 style=\"\"\n                 data-index=\"1\"\n                 data-review_platform=\"testimonial\"\n            >\n                <div class=\"wpsr-review-content\" tabindex=\"0\">\n            <p class=\"wpsr-review-full-content\">Nuestro hijo lleva casi un a\u00f1o asistiendo a Eversons. Estamos muy contentos con el progreso f\u00edsico y mental de Thomas. Est\u00e1 m\u00e1s concentrado, decidido y siente una gran satisfacci\u00f3n con cada nuevo cintur\u00f3n, parche y pegatina de reconocimiento. Recientemente, Thomas se uni\u00f3 al grupo de Liderazgo y est\u00e1 superando con creces los retos de cada clase. \u00a1La experiencia en Eversons ha sido realmente maravillosa para su autoestima!<\/p>\n    <\/div>                <div class=\"wpsr-review-header\">\n                                    <div class=\"wpsr-review-info\">\n                    <span class=\"wpsr-reviewer-name-url\"   >\n    <span class=\"wpsr-reviewer-name\">Lisa y Alex Guiral<\/span>\n    <\/span>                    <\/div>\n                <\/div>\n            <\/div>\n        <\/div><div class=\"wpsr-col-4 wpsr-col-sm-4 wpsr-col-xs-12\" role=\"group\">\n            <div class=\"wpsr-review-template wpsr-testimonial-template-one wpsr-review-template-testimonial\"\n                 style=\"\"\n                 data-index=\"2\"\n                 data-review_platform=\"testimonial\"\n            >\n                <div class=\"wpsr-review-content\" tabindex=\"0\">\n            <p class=\"wpsr-review-full-content\">Mi hijo de 9 a\u00f1os lleva queriendo aprender k\u00e1rate desde que vio Cobra Kia y todas las pel\u00edculas de Karate Kid, as\u00ed que sab\u00eda que iba en serio y era hora de buscar un sitio. Consult\u00e9 algunos grupos de Facebook y Everson&#039;s Karate ten\u00eda muy buenas recomendaciones. Apuntamos tres clases gratuitas, pero Everson&#039;s nos convenci\u00f3 desde el primer d\u00eda y nos decidimos.<\/p>\n    <\/div>                <div class=\"wpsr-review-header\">\n                                    <div class=\"wpsr-review-info\">\n                    <span class=\"wpsr-reviewer-name-url\"   >\n    <span class=\"wpsr-reviewer-name\">Christine Allen<\/span>\n    <\/span>                    <\/div>\n                <\/div>\n            <\/div>\n        <\/div><\/div><\/div><\/div>\n\t<p><a href=\"https:\/\/www.google.com\/search?q=eversons+karate&amp;rlz=1C1CHBF_enUS836US836&amp;oq=eversons+karate&amp;aqs=chrome..69i57j46i175i199j0i22i30j0i10i22i30j0i22i30j69i60l3.6343j0j4&amp;sourceid=chrome&amp;ie=UTF-8#lrd=0x89c15f3c46bc9b7d:0xae893d32f1346898,1,,\" target=\"_blank\" rel=\"noopener\"><img loading=\"lazy\" decoding=\"async\" src=\"https:\/\/eversonskarate.com\/wp-content\/uploads\/2025\/09\/google-review-img.png\" alt=\"\" width=\"170\" height=\"70\" \/><\/a> <a href=\"https:\/\/www.facebook.com\/EversonsKarate\/reviews\/?ref=page_internal\" target=\"_blank\" rel=\"noopener\"><img loading=\"lazy\" decoding=\"async\" src=\"https:\/\/eversonskarate.com\/wp-content\/uploads\/2025\/09\/facebook-review-img.png\" alt=\"\" width=\"209\" height=\"70\" \/><\/a><\/p>","protected":false},"excerpt":{"rendered":"<p>Class Schedule Robbinsville NJ Martial arts academy We have a class for absolutely everyone! Welcome to Everson&#8217;s Karate in Robbinsville! Whether you want a new workout, a confidence boost, or [&hellip;]<\/p>\n","protected":false},"author":1,"featured_media":0,"parent":0,"menu_order":0,"comment_status":"closed","ping_status":"closed","template":"","meta":{"_seopress_robots_primary_cat":"","_seopress_titles_title":"","_seopress_titles_desc":"","_seopress_robots_index":"","inline_featured_image":false,"_genesis_hide_title":false,"_genesis_hide_breadcrumbs":false,"_genesis_hide_singular_image":false,"_genesis_hide_footer_widgets":false,"_genesis_custom_body_class":"","_genesis_custom_post_class":"","_genesis_layout":"","_price":"","_stock":"","_tribe_ticket_header":"","_tribe_default_ticket_provider":"","_ticket_start_date":"","_ticket_end_date":"","_tribe_ticket_show_description":"","_tribe_ticket_show_not_going":false,"_tribe_ticket_use_global_stock":"","_tribe_ticket_global_stock_level":"","_global_stock_mode":"","_global_stock_cap":"","_tribe_rsvp_for_event":"","_tribe_ticket_going_count":"","_tribe_ticket_not_going_count":"","_tribe_tickets_list":"[]","_tribe_ticket_has_attendee_info_fields":false,"footnotes":"","_tec_slr_enabled":"","_tec_slr_layout":""},"class_list":["post-25","page","type-page","status-publish","entry"],"ticketed":false,"_links":{"self":[{"href":"https:\/\/eversonskarate.com\/es\/wp-json\/wp\/v2\/pages\/25","targetHints":{"allow":["GET"]}}],"collection":[{"href":"https:\/\/eversonskarate.com\/es\/wp-json\/wp\/v2\/pages"}],"about":[{"href":"https:\/\/eversonskarate.com\/es\/wp-json\/wp\/v2\/types\/page"}],"author":[{"embeddable":true,"href":"https:\/\/eversonskarate.com\/es\/wp-json\/wp\/v2\/users\/1"}],"replies":[{"embeddable":true,"href":"https:\/\/eversonskarate.com\/es\/wp-json\/wp\/v2\/comments?post=25"}],"version-history":[{"count":5,"href":"https:\/\/eversonskarate.com\/es\/wp-json\/wp\/v2\/pages\/25\/revisions"}],"predecessor-version":[{"id":9513,"href":"https:\/\/eversonskarate.com\/es\/wp-json\/wp\/v2\/pages\/25\/revisions\/9513"}],"wp:attachment":[{"href":"https:\/\/eversonskarate.com\/es\/wp-json\/wp\/v2\/media?parent=25"}],"curies":[{"name":"wp","href":"https:\/\/api.w.org\/{rel}","templated":true}]}}