{"id":21,"date":"2025-07-23T05:00:23","date_gmt":"2025-07-23T05:00:23","guid":{"rendered":"http:\/\/localhost\/eversonkarate-v2\/?page_id=21"},"modified":"2025-11-19T05:03:24","modified_gmt":"2025-11-19T05:03:24","slug":"about-eversons","status":"publish","type":"page","link":"https:\/\/eversonskarate.com\/es\/about-eversons\/","title":{"rendered":"Sobre nosotros"},"content":{"rendered":"<h1>\r\n\t\t\tABOUT EVERSON&#8217;S KARATE\t<\/h1>\r\n<h2>\r\n\t\t\tThe most trustworthy instructors&#8230; and the most wonderful people\t<\/h2>\r\n\r\n<h2>\r\n\t\t\tFrom Martial Arts to Character Development\t<\/h2>\r\n\t<p>Everson&#8217;s Karate is a family-owned martial arts school located in Robbinsville, New Jersey, that has been serving the community for over 30 years. Founded and led by Master Dusty Everson, the school offers comprehensive karate programs for children, teens, and adults, focusing not only on traditional martial arts techniques but also on character development, life skills, and personal growth.<\/p>\r\n\t<p>Unlike traditional authoritarian martial arts training, Everson&#8217;s Karate emphasizes a supportive, friendship-based environment where students are encouraged to reach their full potential through positive reinforcement and individualized attention. The school&#8217;s mission extends beyond physical fitness and self-defense to help students develop confidence, discipline, respect, and the tools needed to succeed in all areas of life.<\/p>\r\n\t<p>Galer\u00eda<\/p>\r\n<h2>\r\n\t\t\tOur School\t<\/h2>\r\n\t\t\t\t\t<p><img decoding=\"async\" src=\"https:\/\/eversonskarate.com\/wp-content\/uploads\/2025\/07\/our-school-img-01.jpg\" alt=\"\" \/><\/p>\r\n\t\t\t\t\t<p><img decoding=\"async\" src=\"https:\/\/eversonskarate.com\/wp-content\/uploads\/2025\/09\/slide1.jpg\" alt=\"\" \/><\/p>\r\n\t\t\t\t\t<p><img decoding=\"async\" src=\"https:\/\/eversonskarate.com\/wp-content\/uploads\/2025\/09\/slide2.jpg\" alt=\"\" \/><\/p>\r\n\t\t\t\t\t<p><img decoding=\"async\" src=\"https:\/\/eversonskarate.com\/wp-content\/uploads\/2025\/09\/slide3.jpg\" alt=\"\" \/><\/p>\r\n\t\t\t\t\t<p><img decoding=\"async\" src=\"https:\/\/eversonskarate.com\/wp-content\/uploads\/2025\/09\/slide4.jpg\" alt=\"\" \/><\/p>\r\n\t\t\t\t\t<p><img decoding=\"async\" src=\"https:\/\/eversonskarate.com\/wp-content\/uploads\/2025\/09\/slide5.jpg\" alt=\"\" \/><\/p>\r\n\t\t\t\t<a href=\"#\" aria-label=\"anterior\" aria-role=\"button\">\r\n<\/a>\r\n\t\t\t\t<a href=\"#\" aria-label=\"pr\u00f3ximo\" aria-role=\"button\">\r\n<\/a>\r\n<h2>\r\n\t\t\tMeet The Master Instructor:  Dusty Everson\t<\/h2>\r\n\t<p>My name is Dusty Everson; my school, Everson&#8217;s Karate, has successfully been teaching life skills to children, self-defense, and fitness to adults in the Robbinsville area for over 30 years. Our goal is to enhance the lives of our students so they will make the right choices and live a happier and healthier lifestyle.<\/p>\r\n\t\t\t\t<img decoding=\"async\" src=\"https:\/\/eversonskarate.com\/wp-content\/uploads\/2025\/07\/signature-img.png\" alt=\"signature img\" itemprop=\"image\" height=\"129\" width=\"394\" title=\"imagen de firma\" onerror=\"this.style.display='none'\" loading='lazy' \/>\r\n\t<p>Videos<\/p>\r\n<h2>\r\n\t\t\tWhat People Say About Everson&#8217;s\t<\/h2>\r\n\t\t<iframe loading=\"lazy\" width=\"560\" height=\"315\" src=\"https:\/\/www.youtube.com\/embed\/59kS0o6wSM4?si=P5g3CxIPg3Gzbah7\" title=\"Reproductor de v\u00eddeo de YouTube\" frameborder=\"0\" allow=\"accelerometer; autoplay; clipboard-write; encrypted-media; gyroscope; picture-in-picture; web-share\" referrerpolicy=\"strict-origin-when-cross-origin\" allowfullscreen><\/iframe>\t\r\n\t\t<iframe loading=\"lazy\" width=\"560\" height=\"315\" src=\"https:\/\/www.youtube.com\/embed\/l05TmYUEhcQ?si=Ooo4_HLKdiUJFks1\" title=\"Reproductor de v\u00eddeo de YouTube\" frameborder=\"0\" allow=\"accelerometer; autoplay; clipboard-write; encrypted-media; gyroscope; picture-in-picture; web-share\" referrerpolicy=\"strict-origin-when-cross-origin\" allowfullscreen><\/iframe>\t\r\n\t\t<iframe loading=\"lazy\" width=\"560\" height=\"315\" src=\"https:\/\/www.youtube.com\/embed\/9uOCV32DPdk?si=8QQLG8ONvaWx7oua\" title=\"Reproductor de v\u00eddeo de YouTube\" frameborder=\"0\" allow=\"accelerometer; autoplay; clipboard-write; encrypted-media; gyroscope; picture-in-picture; web-share\" referrerpolicy=\"strict-origin-when-cross-origin\" allowfullscreen><\/iframe>\t\r\n<h2>\r\n\t\t\tMore Reasons to Try Everson&#8217;s Karate\t<\/h2>\r\n\t\t\t\t<img decoding=\"async\" src=\"https:\/\/eversonskarate.com\/wp-content\/uploads\/2025\/07\/everson-karate-reason-img-01.jpg\" alt=\"everson karate reason img 01\" itemprop=\"image\" height=\"272\" width=\"408\" title=\"Raz\u00f3n del karate Everson imagen 01\" onerror=\"this.style.display='none'\" loading='lazy' \/>\r\n<h3>\r\n\t\t\tPrograma de prueba gratuita de 3 d\u00edas con uniforme de cortes\u00eda\t<\/h3>\r\n\t<p>Everson&#8217;s Karate offers new students a no-obligation 3-day trial to experience their classes firsthand, and when students decide to enroll, they receive a free karate uniform to keep. This approach allows families to fully experience the school&#8217;s teaching style and community atmosphere before making a commitment.<\/p>\r\n\t\t\t\t<img decoding=\"async\" src=\"https:\/\/eversonskarate.com\/wp-content\/uploads\/2025\/07\/everson-karate-reason-img-02.jpg\" alt=\"everson karate reason img 02\" itemprop=\"image\" height=\"272\" width=\"408\" title=\"Raz\u00f3n del karate Everson img 02\" onerror=\"this.style.display='none'\" loading='lazy' \/>\r\n<h3>\r\n\t\t\tEntorno de entrenamiento de apoyo y basado en la amistad\t<\/h3>\r\n\t<p>Rather than following the harsh, military-style approach often associated with martial arts, Everson&#8217;s Karate creates a warm, supportive atmosphere where instructors and long-time students have maintained friendships for nearly 30 years. All instructors are hand-selected former students who are chosen not just for their martial arts expertise, but for their caring nature and commitment to helping others succeed.<\/p>\r\n\t\t\t\t<img decoding=\"async\" src=\"https:\/\/eversonskarate.com\/wp-content\/uploads\/2025\/07\/everson-karate-reason-img-03.jpg\" alt=\"everson karate reason img 03\" itemprop=\"image\" height=\"272\" width=\"408\" title=\"raz\u00f3n de karate everson imagen 03\" onerror=\"this.style.display='none'\" loading='lazy' \/>\r\n<h3>\r\n\t\t\tPrograma integral de desarrollo de habilidades para la vida\t<\/h3>\r\n\t<p>La escuela va m\u00e1s all\u00e1 del entrenamiento tradicional de artes marciales, abordando desaf\u00edos del mundo real como el bajo rendimiento acad\u00e9mico, la baja autoestima, el acoso escolar, el TDAH y las dificultades sociales. Su metodolog\u00eda se centra en el desarrollo de rasgos de car\u00e1cter como la capacidad de fijar metas, el respeto, la confianza y el liderazgo, que los estudiantes pueden aplicar en la escuela, en casa y a lo largo de su vida.<\/p>\r\n<h2>\r\n\t\t\tUn ambiente familiar basado en la amistad del que todos pueden formar parte. \u00a1\u00danete a la familia Everson y crece con ella!\t<\/h2>\r\n\t<p>Ya sea que trabajemos con usted o con su hijo, nuestro objetivo es ayudarle a alcanzar el \u00e9xito mediante el trabajo en equipo, la concentraci\u00f3n y la determinaci\u00f3n, capacit\u00e1ndole para &quot;\u00a1salir ah\u00ed fuera y CONSEGUIRLO!&quot;.<\/p>\r\n\t\t\t<a href=\"https:\/\/eversonskarate.com\/es\/class-schedule\/\" target=\"_self\">\r\n\t\t\t\t\t\t\t<img decoding=\"async\" src=\"https:\/\/eversonskarate.com\/wp-content\/uploads\/2025\/07\/icon-clock.png\" alt=\"\"\/> Horario de clases\r\n\t\t\t\t\t<\/a>\r\n\t\t\t<a href=\"https:\/\/eversonskarate.com\/es\/about-us\/\" target=\"_self\">\r\n\t\t\t\t\t\t\t<img decoding=\"async\" src=\"https:\/\/eversonskarate.com\/wp-content\/uploads\/2025\/07\/icon-fist.png\" alt=\"\"\/> Acerca de Everson\r\n\t\t\t\t\t<\/a>\r\n\t\t\t<a href=\"https:\/\/eversonskarate.com\/es\/testimonials\/\" target=\"_self\">\r\n\t\t\t\t\t\t\t<img decoding=\"async\" src=\"https:\/\/eversonskarate.com\/wp-content\/uploads\/2025\/07\/icon-quote.png\" alt=\"\"\/> testimonios\r\n\t\t\t\t\t<\/a>\r\n\t\t\t<a href=\"#free_trial_date\" target=\"_self\">\r\n\t\t\t\t\t\t\t\u00a1COMIENZA MI CLASE DE PRUEBA GRATUITA DE 3 D\u00cdAS!\r\n\t\t\t<\/a>\r\n\t<iframe src=\"https:\/\/www.google.com\/maps\/embed\/v1\/place?q=Everson%27s+Karate+-+Robbinsville%3Cbr+%2F%3E2330+RT%23+33+SUITE+102%2C+ROBBINSVILLE%2C+NJ+08691&#038;key=AIzaSyD09zQ9PNDNNy9TadMuzRV_UsPUoWKntt8\" aria-hidden=\"true\"><\/iframe>\r\n\t<p><img loading=\"lazy\" decoding=\"async\" src=\"https:\/\/eversonskarate.com\/wp-content\/uploads\/2025\/07\/icon-map.png\" alt=\"\" width=\"47\" height=\"42\" \/> Karate Everson \u2013 Robbinsville | 2330 RT# 33 SUITE 102, ROBBINSVILLE, NJ 08691 | Tel\u00e9fono: 609-259-1519<\/p>","protected":false},"excerpt":{"rendered":"<p>ABOUT EVERSON&#8217;S KARATE The most trustworthy instructors&#8230; and the most wonderful people From Martial Arts to Character Development Everson&#8217;s Karate is a family-owned martial arts school located in Robbinsville, New [&hellip;]<\/p>\n","protected":false},"author":1,"featured_media":0,"parent":0,"menu_order":0,"comment_status":"closed","ping_status":"closed","template":"","meta":{"_seopress_robots_primary_cat":"","_seopress_titles_title":"","_seopress_titles_desc":"","_seopress_robots_index":"","inline_featured_image":false,"_genesis_hide_title":false,"_genesis_hide_breadcrumbs":false,"_genesis_hide_singular_image":false,"_genesis_hide_footer_widgets":false,"_genesis_custom_body_class":"","_genesis_custom_post_class":"","_genesis_layout":"","_price":"","_stock":"","_tribe_ticket_header":"","_tribe_default_ticket_provider":"","_ticket_start_date":"","_ticket_end_date":"","_tribe_ticket_show_description":"","_tribe_ticket_show_not_going":false,"_tribe_ticket_use_global_stock":"","_tribe_ticket_global_stock_level":"","_global_stock_mode":"","_global_stock_cap":"","_tribe_rsvp_for_event":"","_tribe_ticket_going_count":"","_tribe_ticket_not_going_count":"","_tribe_tickets_list":"[]","_tribe_ticket_has_attendee_info_fields":false,"footnotes":"","_tec_slr_enabled":"","_tec_slr_layout":""},"class_list":["post-21","page","type-page","status-publish","entry"],"ticketed":false,"_links":{"self":[{"href":"https:\/\/eversonskarate.com\/es\/wp-json\/wp\/v2\/pages\/21","targetHints":{"allow":["GET"]}}],"collection":[{"href":"https:\/\/eversonskarate.com\/es\/wp-json\/wp\/v2\/pages"}],"about":[{"href":"https:\/\/eversonskarate.com\/es\/wp-json\/wp\/v2\/types\/page"}],"author":[{"embeddable":true,"href":"https:\/\/eversonskarate.com\/es\/wp-json\/wp\/v2\/users\/1"}],"replies":[{"embeddable":true,"href":"https:\/\/eversonskarate.com\/es\/wp-json\/wp\/v2\/comments?post=21"}],"version-history":[{"count":5,"href":"https:\/\/eversonskarate.com\/es\/wp-json\/wp\/v2\/pages\/21\/revisions"}],"predecessor-version":[{"id":9362,"href":"https:\/\/eversonskarate.com\/es\/wp-json\/wp\/v2\/pages\/21\/revisions\/9362"}],"wp:attachment":[{"href":"https:\/\/eversonskarate.com\/es\/wp-json\/wp\/v2\/media?parent=21"}],"curies":[{"name":"wp","href":"https:\/\/api.w.org\/{rel}","templated":true}]}}