{"id":181,"date":"2025-07-23T05:20:52","date_gmt":"2025-07-23T05:20:52","guid":{"rendered":"http:\/\/localhost\/eversonkarate-v2\/?page_id=181"},"modified":"2025-11-26T18:13:24","modified_gmt":"2025-11-26T18:13:24","slug":"faq","status":"publish","type":"page","link":"https:\/\/eversonskarate.com\/es\/faq\/","title":{"rendered":"Preguntas frecuentes"},"content":{"rendered":"<h1>\n\t\t\tFREQUENTLY ASKED QUESTIONS\t<\/h1>\n<h2>\n\t\t\tAcademia de artes marciales de Robbinsville, Nueva Jersey\t<\/h2>\n\n\t\t\t\t\t<a href=\"#\"  id=\"fl-accordion--label-0\" tabindex=\"0\" aria-controls=\"fl-accordion--panel-0\">\u00bfQu\u00e9 edad aceptan estudiantes? <\/a>\n\t\t\t\t\t\t\t\t\t\t\t<a href=\"#\" id=\"fl-accordion--icon-0\"  tabindex=\"0\"><i title=\"Expandir\">Expandir<\/i><\/a>\n\t\t\t\t\t<p>\u00a1Damos la bienvenida a estudiantes a partir de los 4 a\u00f1os! Contamos con programas especializados para diferentes grupos de edad, incluyendo Tiny Tigers (de 4 a 6 a\u00f1os), Karate Infantil (de 7 a 12 a\u00f1os), Adolescentes y Adultos.<\/p>\n\t\t\t\t\t<a href=\"#\"  id=\"fl-accordion--label-1\" tabindex=\"0\" aria-controls=\"fl-accordion--panel-1\">\u00bfOfrecen una clase de prueba antes de inscribirse? <\/a>\n\t\t\t\t\t\t\t\t\t\t\t<a href=\"#\" id=\"fl-accordion--icon-1\"  tabindex=\"0\"><i title=\"Expandir\">Expandir<\/i><\/a>\n\t\t\t\t\t<p>\u00a1S\u00ed! Ofrecemos una prueba gratuita de 3 d\u00edas para que usted o su hijo\/a puedan experimentar nuestras clases sin compromiso. As\u00ed tendr\u00e1n la oportunidad de comprobar si el k\u00e1rate de Everson es adecuado para su familia antes de inscribirse.<\/p>\n\t\t\t\t\t<a href=\"#\"  id=\"fl-accordion--label-2\" tabindex=\"0\" aria-controls=\"fl-accordion--panel-2\">\u00bfQu\u00e9 deben ponerse los estudiantes para su primera clase? <\/a>\n\t\t\t\t\t\t\t\t\t\t\t<a href=\"#\" id=\"fl-accordion--icon-2\"  tabindex=\"0\"><i title=\"Expandir\">Expandir<\/i><\/a>\n\t\t\t\t\t<p>Para las primeras clases, la ropa deportiva c\u00f3moda, como pantalones de ch\u00e1ndal y una camiseta, es perfecta. Una vez matriculados, los alumnos reciben un uniforme (gi) gratis.<\/p>\n\t\t\t\t\t<a href=\"#\"  id=\"fl-accordion--label-3\" tabindex=\"0\" aria-controls=\"fl-accordion--panel-3\">\u00bfQu\u00e9 estilo de karate ense\u00f1as? <\/a>\n\t\t\t\t\t\t\t\t\t\t\t<a href=\"#\" id=\"fl-accordion--icon-3\"  tabindex=\"0\"><i title=\"Expandir\">Expandir<\/i><\/a>\n\t\t\t\t\t<p>Ense\u00f1amos karate tradicional con aplicaciones pr\u00e1cticas de defensa personal. Nuestro programa est\u00e1 dise\u00f1ado para desarrollar no solo habilidades f\u00edsicas, sino tambi\u00e9n disciplina mental, confianza y habilidades para la vida que benefician a los estudiantes en todos los \u00e1mbitos.<\/p>\n\t\t\t\t\t<a href=\"#\"  id=\"fl-accordion--label-4\" tabindex=\"0\" aria-controls=\"fl-accordion--panel-4\">\u00bfPueden los padres presenciar las clases? <\/a>\n\t\t\t\t\t\t\t\t\t\t\t<a href=\"#\" id=\"fl-accordion--icon-4\"  tabindex=\"0\"><i title=\"Expandir\">Expandir<\/i><\/a>\n\t\t\t\t\t<p>\u00a1S\u00ed! Animamos a los padres a observar las clases. Disponemos de una c\u00f3moda zona de observaci\u00f3n donde podr\u00e1n seguir el progreso de sus hijos y ver de primera mano las habilidades que est\u00e1n desarrollando.<\/p>\n\t\t\t\t\t<a href=\"#\"  id=\"fl-accordion--label-5\" tabindex=\"0\" aria-controls=\"fl-accordion--panel-5\">What makes Everson&#8217;s different from other karate schools? <\/a>\n\t\t\t\t\t\t\t\t\t\t\t<a href=\"#\" id=\"fl-accordion--icon-5\"  tabindex=\"0\"><i title=\"Expandir\">Expandir<\/i><\/a>\n\t\t\t\t\t<p>Con m\u00e1s de 30 a\u00f1os de experiencia, hemos desarrollado un sistema eficaz que se centra en la persona en su totalidad, no solo en las t\u00e9cnicas de artes marciales. Seguimos la filosof\u00eda de que nadie se queda atr\u00e1s, lo que significa que nos pondremos en contacto contigo si faltas a clase y trabajaremos individualmente con los alumnos que necesiten ayuda adicional. Tratamos a cada alumno como si fuera de la familia.<\/p>\n\t\t\t\t\t<a href=\"#\"  id=\"fl-accordion--label-6\" tabindex=\"0\" aria-controls=\"fl-accordion--panel-6\">\u00bfMi hijo necesita alguna experiencia previa o nivel de condici\u00f3n f\u00edsica espec\u00edfico? <\/a>\n\t\t\t\t\t\t\t\t\t\t\t<a href=\"#\" id=\"fl-accordion--icon-6\"  tabindex=\"0\"><i title=\"Expandir\">Expandir<\/i><\/a>\n\t\t\t\t\t<p>No se requiere experiencia ni condici\u00f3n f\u00edsica especial. Ni\u00f1os de todas las capacidades son bienvenidos, y nuestras clases est\u00e1n dise\u00f1adas para que todos mejoren a su propio ritmo.<\/p>\n\t\t\t\t\t<a href=\"#\"  id=\"fl-accordion--label-7\" tabindex=\"0\" aria-controls=\"fl-accordion--panel-7\">\u00bfQu\u00e9 ocurre si mi hijo quiere dejarlo despu\u00e9s de unas pocas sesiones? <\/a>\n\t\t\t\t\t\t\t\t\t\t\t<a href=\"#\" id=\"fl-accordion--icon-7\"  tabindex=\"0\"><i title=\"Expandir\">Expandir<\/i><\/a>\n\t\t\t\t\t<p>We understand that staying motivated can be challenging for kids. We follow a &#8220;nobody left behind&#8221; philosophy: if your child misses classes, we&#8217;ll reach out to help keep them engaged. Our belt system and achievement recognition also help maintain enthusiasm.<\/p>\n\t\t\t\t\t<a href=\"#\"  id=\"fl-accordion--label-0\" tabindex=\"0\" aria-controls=\"fl-accordion--panel-0\">Mi hijo tiene TDAH\/problemas de conducta. \u00bfPuede ayudarle el karate? <\/a>\n\t\t\t\t\t\t\t\t\t\t\t<a href=\"#\" id=\"fl-accordion--icon-0\"  tabindex=\"0\"><i title=\"Expandir\">Expandir<\/i><\/a>\n\t\t\t\t\t<p>\u00a1Por supuesto! Muchos padres han observado mejoras notables en la concentraci\u00f3n, el autocontrol y el comportamiento de sus hijos gracias a nuestro programa estructurado de karate. La disciplina, la rutina y el refuerzo positivo de nuestras clases pueden ser especialmente beneficiosos para ni\u00f1os con TDAH, ansiedad o problemas de conducta.<\/p>\n\t\t\t\t\t<a href=\"#\"  id=\"fl-accordion--label-1\" tabindex=\"0\" aria-controls=\"fl-accordion--panel-1\">\u00bfPuede mi hijo\/a celebrar su fiesta de cumplea\u00f1os en el dojo? <\/a>\n\t\t\t\t\t\t\t\t\t\t\t<a href=\"#\" id=\"fl-accordion--icon-1\"  tabindex=\"0\"><i title=\"Expandir\">Expandir<\/i><\/a>\n\t\t\t\t\t<p>\u00a1S\u00ed! Ofrecemos paquetes para fiestas de cumplea\u00f1os que incluyen actividades de karate, juegos y una experiencia inolvidable para su hijo y sus amigos. Cont\u00e1ctenos al 609-259-1519 para m\u00e1s informaci\u00f3n.<\/p>\n\t\t\t\t\t<a href=\"#\"  id=\"fl-accordion--label-2\" tabindex=\"0\" aria-controls=\"fl-accordion--panel-2\">\u00bfNecesito estar en forma para empezar? <\/a>\n\t\t\t\t\t\t\t\t\t\t\t<a href=\"#\" id=\"fl-accordion--icon-2\"  tabindex=\"0\"><i title=\"Expandir\">Expandir<\/i><\/a>\n\t\t\t\t\t<p>Not at all! Karate will get you in shape. Our classes are designed for all fitness levels, and you&#8217;ll build strength, flexibility, and endurance as you train.<\/p>\n\t\t\t\t\t<a href=\"#\"  id=\"fl-accordion--label-3\" tabindex=\"0\" aria-controls=\"fl-accordion--panel-3\">\u00bfInterferir\u00e1 el karate con mis otros deportes o actividades? <\/a>\n\t\t\t\t\t\t\t\t\t\t\t<a href=\"#\" id=\"fl-accordion--icon-3\"  tabindex=\"0\"><i title=\"Expandir\">Expandir<\/i><\/a>\n\t\t\t\t\t<p>De hecho, el karate complementa otros deportes al mejorar la coordinaci\u00f3n, la flexibilidad, la concentraci\u00f3n mental y la disciplina. Muchos estudiantes-atletas descubren que el karate mejora su rendimiento en otras actividades.<\/p>\n\t\t\t\t\t<a href=\"#\"  id=\"fl-accordion--label-4\" tabindex=\"0\" aria-controls=\"fl-accordion--panel-4\">\u00bfQu\u00e9 diferencia vuestro programa para adolescentes de las clases para ni\u00f1os? <\/a>\n\t\t\t\t\t\t\t\t\t\t\t<a href=\"#\" id=\"fl-accordion--icon-4\"  tabindex=\"0\"><i title=\"Expandir\">Expandir<\/i><\/a>\n\t\t\t\t\t<p>Nuestro programa para adolescentes aborda los desaf\u00edos propios de esta etapa, como la presi\u00f3n acad\u00e9mica, la din\u00e1mica social y la transici\u00f3n a la vida adulta. Las clases son m\u00e1s intensivas, las t\u00e9cnicas m\u00e1s avanzadas y nos centramos en la aplicaci\u00f3n pr\u00e1ctica y el desarrollo del liderazgo.<\/p>\n\t\t\t\t\t<a href=\"#\"  id=\"fl-accordion--label-5\" tabindex=\"0\" aria-controls=\"fl-accordion--panel-5\">\u00bfA qu\u00e9 edad se puede empezar el programa de karate para adolescentes? <\/a>\n\t\t\t\t\t\t\t\t\t\t\t<a href=\"#\" id=\"fl-accordion--icon-5\"  tabindex=\"0\"><i title=\"Expandir\">Expandir<\/i><\/a>\n\t\t\t\t\t<p>Nuestro programa para adolescentes da la bienvenida a estudiantes de 13 a\u00f1os en adelante. Las clases est\u00e1n dise\u00f1adas espec\u00edficamente para adolescentes y j\u00f3venes adultos, con contenido que aborda los desaf\u00edos y objetivos \u00fanicos de este grupo de edad.<\/p>\n\t\t\t\t\t<a href=\"#\"  id=\"fl-accordion--label-6\" tabindex=\"0\" aria-controls=\"fl-accordion--panel-6\">\u00bfDe verdad puede ayudar el karate con las solicitudes de ingreso a la universidad? <\/a>\n\t\t\t\t\t\t\t\t\t\t\t<a href=\"#\" id=\"fl-accordion--icon-6\"  tabindex=\"0\"><i title=\"Expandir\">Expandir<\/i><\/a>\n\t\t\t\t\t<p>\u00a1Por supuesto! Obtener el cintur\u00f3n negro demuestra a\u00f1os de dedicaci\u00f3n, disciplina y perseverancia, cualidades que las universidades valoran mucho. Muchos estudiantes incluyen sus logros en artes marciales en sus solicitudes de admisi\u00f3n y ensayos.<\/p>\n\t\t\t\t\t<a href=\"#\"  id=\"fl-accordion--label-7\" tabindex=\"0\" aria-controls=\"fl-accordion--panel-7\">What if I&#8217;ve never done martial arts before? Will I be behind? <\/a>\n\t\t\t\t\t\t\t\t\t\t\t<a href=\"#\" id=\"fl-accordion--icon-7\"  tabindex=\"0\"><i title=\"Expandir\">Expandir<\/i><\/a>\n\t\t\t\t\t<p>Everyone starts somewhere! We have teens at all levels, from complete beginners to advanced students. You&#8217;ll train with others at your skill level and progress at your own pace.<\/p>\n\t<p>Do you have questions or inquiries? Please don&#8217;t hesitate to let us know!<\/p>\n\t\t\t<a href=\"https:\/\/eversonskarate.com\/es\/contact-us\/\" target=\"_self\">\n\t\t\t\t\t\t\tContact Everson&#8217;s Karate\n\t\t\t<\/a>","protected":false},"excerpt":{"rendered":"<p>FREQUENTLY ASKED QUESTIONS Robbinsville NJ Martial arts academy What age do you accept students? Expand We welcome students starting at age 4 and up! We have specialized programs for different [&hellip;]<\/p>\n","protected":false},"author":1,"featured_media":0,"parent":0,"menu_order":0,"comment_status":"closed","ping_status":"closed","template":"","meta":{"_seopress_robots_primary_cat":"","_seopress_titles_title":"","_seopress_titles_desc":"","_seopress_robots_index":"","inline_featured_image":false,"_genesis_hide_title":false,"_genesis_hide_breadcrumbs":false,"_genesis_hide_singular_image":false,"_genesis_hide_footer_widgets":false,"_genesis_custom_body_class":"","_genesis_custom_post_class":"","_genesis_layout":"","_price":"","_stock":"","_tribe_ticket_header":"","_tribe_default_ticket_provider":"","_ticket_start_date":"","_ticket_end_date":"","_tribe_ticket_show_description":"","_tribe_ticket_show_not_going":false,"_tribe_ticket_use_global_stock":"","_tribe_ticket_global_stock_level":"","_global_stock_mode":"","_global_stock_cap":"","_tribe_rsvp_for_event":"","_tribe_ticket_going_count":"","_tribe_ticket_not_going_count":"","_tribe_tickets_list":"[]","_tribe_ticket_has_attendee_info_fields":false,"footnotes":"","_tec_slr_enabled":"","_tec_slr_layout":""},"class_list":["post-181","page","type-page","status-publish","entry"],"ticketed":false,"_links":{"self":[{"href":"https:\/\/eversonskarate.com\/es\/wp-json\/wp\/v2\/pages\/181","targetHints":{"allow":["GET"]}}],"collection":[{"href":"https:\/\/eversonskarate.com\/es\/wp-json\/wp\/v2\/pages"}],"about":[{"href":"https:\/\/eversonskarate.com\/es\/wp-json\/wp\/v2\/types\/page"}],"author":[{"embeddable":true,"href":"https:\/\/eversonskarate.com\/es\/wp-json\/wp\/v2\/users\/1"}],"replies":[{"embeddable":true,"href":"https:\/\/eversonskarate.com\/es\/wp-json\/wp\/v2\/comments?post=181"}],"version-history":[{"count":5,"href":"https:\/\/eversonskarate.com\/es\/wp-json\/wp\/v2\/pages\/181\/revisions"}],"predecessor-version":[{"id":9478,"href":"https:\/\/eversonskarate.com\/es\/wp-json\/wp\/v2\/pages\/181\/revisions\/9478"}],"wp:attachment":[{"href":"https:\/\/eversonskarate.com\/es\/wp-json\/wp\/v2\/media?parent=181"}],"curies":[{"name":"wp","href":"https:\/\/api.w.org\/{rel}","templated":true}]}}